{"id":2,"date":"2019-01-22T10:40:14","date_gmt":"2019-01-22T10:40:14","guid":{"rendered":"https:\/\/costadelsolliving.com\/?page_id=2"},"modified":"2022-09-14T13:41:55","modified_gmt":"2022-09-14T13:41:55","slug":"costa-del-sol-living","status":"publish","type":"page","link":"https:\/\/costadelsolliving.com\/es\/","title":{"rendered":"Costa del Sol Living"},"content":{"rendered":"<div class=\"wpb-content-wrapper\"><p><\/p>\n<p>[vc_row el_class=\u00bbcontainer\u00bb el_id=\u00bbintro\u00bb][vc_column css_animation=\u00bbfadeInLeft\u00bb width=\u00bb1\/2&#8243;][vc_custom_heading text=\u00bbFundada en 2008&#8243; font_container=\u00bbtag:h2|text_align:center\u00bb use_theme_fonts=\u00bbyes\u00bb][vc_column_text]Costa del Sol Living es una empresa familiar fundada en 2008 con sede en el coraz\u00f3n de la Costa del Sol, M\u00e1laga. Tenemos un amplia experiencia del sector inmobiliario.[\/vc_column_text][\/vc_column][vc_column css_animation=\u00bbfadeInRight\u00bb width=\u00bb1\/2&#8243;][vc_custom_heading text=\u00bbTenemos los contactos\u00bb font_container=\u00bbtag:h2|text_align:center\u00bb use_theme_fonts=\u00bbyes\u00bb][vc_column_text]Si est\u00e1 buscando comprar o alquilar cualquier tipo de propiedad en la Costa del Sol, Espa\u00f1a, trabajamos con una red de agentes y profesionales inmobiliarios, con el fin de asegurarnos de encontrarle su propiedad ideal y que en el proceso sea lo m\u00e1s claro posible.[\/vc_column_text][\/vc_column][\/vc_row][vc_row css_animation=\u00bbfadeInDown\u00bb el_class=\u00bbbgColour\u00bb css=\u00bb.vc_custom_1551890843817{background-color: #eaeaea !important;}\u00bb el_id=\u00bbnewDevelopments\u00bb][vc_column][vc_custom_heading text=\u00bbNUEVOS DESARROLLOS\u00bb font_container=\u00bbtag:h2|text_align:center\u00bb][vc_column_text el_class=\u00bbcontainer\u00bb]<div class=\"container\"><div id=\"developments\"><ul class=\"slides\"><li><div class=\"col-md-3 propertyWrapper\"><a href=\"https:\/\/costadelsolliving.com\/es\/developments\/alcazaba-lagoon\/\" class=\"property\" style=\"background-position: center center; background-image: url(https:\/\/costadelsolliving.com\/wp-content\/uploads\/2019\/10\/AlcazabaLagoon4.jpg);\"><div class=\"propertyInfo\"><p><i class=\"fas fa-bed\"><\/i>: 1.5+ \/ <i class=\"fas fa-bath\"><\/i>: -<\/p><div class=\"hoveroverlay\">Alcazaba Lagoon<br \/> &euro;1,990,000<hr \/>Casares<\/div><\/div><\/a><\/div><\/li><li><div class=\"col-md-3 propertyWrapper\"><a href=\"https:\/\/costadelsolliving.com\/es\/developments\/antik-villas\/\" class=\"property\" style=\"background-position: top left; background-image: url(https:\/\/costadelsolliving.com\/wp-content\/uploads\/2019\/10\/antikvillas40.jpg);\"><div class=\"propertyInfo\"><p><i class=\"fas fa-bed\"><\/i>: 4 \/ <i class=\"fas fa-bath\"><\/i>: 5<\/p><div class=\"hoveroverlay\">\u00c1ntik Villas<br \/> &euro;1,350,000<hr \/>Cancelada<\/div><\/div><\/a><\/div><\/li><li><div class=\"col-md-3 propertyWrapper\"><a href=\"https:\/\/costadelsolliving.com\/es\/developments\/palm-village\/\" class=\"property\" style=\"background-position: ; background-image: url(https:\/\/costadelsolliving.com\/wp-content\/uploads\/2019\/09\/palmvillage13.jpg);\"><div class=\"propertyInfo\"><p><i class=\"fas fa-bed\"><\/i>: 2+ \/ <i class=\"fas fa-bath\"><\/i>: 2+<\/p><div class=\"hoveroverlay\">Palm Village<br \/> &euro;236,000<hr \/>Estepona<\/div><\/div><\/a><\/div><\/li><li><div class=\"col-md-3 propertyWrapper\"><a href=\"https:\/\/costadelsolliving.com\/es\/developments\/sunset-golf\/\" class=\"property\" style=\"background-position: center center; background-image: url(https:\/\/costadelsolliving.com\/wp-content\/uploads\/2019\/09\/sunsetgolf1.jpg);\"><div class=\"propertyInfo\"><p><i class=\"fas fa-bed\"><\/i>: 2+ \/ <i class=\"fas fa-bath\"><\/i>: 2+<\/p><div class=\"hoveroverlay\">Sunset Golf<br \/> &euro;196,000<hr \/>Estepona<\/div><\/div><\/a><\/div><\/li><li><div class=\"col-md-3 propertyWrapper\"><a href=\"https:\/\/costadelsolliving.com\/es\/developments\/las-terrazas-de-cortesin\/\" class=\"property\" style=\"background-position: ; background-image: url(https:\/\/costadelsolliving.com\/wp-content\/uploads\/2019\/08\/las-terrazas-de-cortesin8.jpg);\"><div class=\"propertyInfo\"><p><i class=\"fas fa-bed\"><\/i>: 2+ \/ <i class=\"fas fa-bath\"><\/i>: 2+<\/p><div class=\"hoveroverlay\">Las Terrazas<br \/> &euro;320,000<hr \/>Estepona<\/div><\/div><\/a><\/div><\/li><li><div class=\"col-md-3 propertyWrapper\"><a href=\"https:\/\/costadelsolliving.com\/es\/developments\/sunrise-heights\/\" class=\"property\" style=\"background-position: center center; background-image: url(https:\/\/costadelsolliving.com\/wp-content\/uploads\/2019\/08\/Manilva-2-Zonas-comunes-3-1-1920x1356.jpg);\"><div class=\"propertyInfo\"><p><i class=\"fas fa-bed\"><\/i>: 2+ \/ <i class=\"fas fa-bath\"><\/i>: 2+<\/p><div class=\"hoveroverlay\">Sunrise Heights<br \/> &euro;189,000<hr \/>Manilva<\/div><\/div><\/a><\/div><\/li><li><div class=\"col-md-3 propertyWrapper\"><a href=\"https:\/\/costadelsolliving.com\/es\/developments\/golden-green\/\" class=\"property\" style=\"background-position: ; background-image: url(https:\/\/costadelsolliving.com\/wp-content\/uploads\/2019\/08\/new-goldengreen24.jpg);\"><div class=\"propertyInfo\"><p><i class=\"fas fa-bed\"><\/i>: 3 \/ <i class=\"fas fa-bath\"><\/i>: 3<\/p><div class=\"hoveroverlay\">Golden Green<br \/> &euro;715,000<hr \/>Puerto Ban\u00fas<\/div><\/div><\/a><\/div><\/li><li><div class=\"col-md-3 propertyWrapper\"><a href=\"https:\/\/costadelsolliving.com\/es\/developments\/los-miradores\/\" class=\"property\" style=\"background-position: center center; background-image: url(https:\/\/costadelsolliving.com\/wp-content\/uploads\/2019\/07\/COB369840.jpg);\"><div class=\"propertyInfo\"><p><i class=\"fas fa-bed\"><\/i>: 2+ \/ <i class=\"fas fa-bath\"><\/i>: 2+<\/p><div class=\"hoveroverlay\">Los Miradores<br \/> &euro;278,000<hr \/>Estepona<\/div><\/div><\/a><\/div><\/li><div class=\"clr\"><\/div><\/ul><\/div><\/div>[\/vc_column_text][\/vc_column][\/vc_row][vc_row css_animation=\u00bbfadeInDown\u00bb el_class=\u00bbnoMargin\u00bb][vc_column][vc_btn title=\u00bbVer desarrollos\u00bb style=\u00bbflat\u00bb shape=\u00bbsquare\u00bb color=\u00bbsuccess\u00bb align=\u00bbcenter\u00bb el_class=\u00bbcta\u00bb link=\u00bburl:https%3A%2F%2Fcostadelsolliving.com%2Fservices%2Fproperties%2Fdevelopments%2F|title:Developments\u00bb css=\u00bb.vc_custom_1628187351809{margin-top: 0px !important;margin-bottom: 60px !important;}\u00bb][vc_custom_heading text=\u00bbNUESTROS SERVICIOS\u00bb font_container=\u00bbtag:h2|text_align:center\u00bb use_theme_fonts=\u00bbyes\u00bb css_animation=\u00bbfadeIn\u00bb el_id=\u00bbservices\u00bb][\/vc_column][\/vc_row][vc_row css_animation=\u00bbfadeInLeft\u00bb el_class=\u00bbgrey services\u00bb][vc_column css_animation=\u00bbfadeInLeft\u00bb width=\u00bb1\/2&#8243; el_class=\u00bbpic\u00bb css=\u00bb.vc_custom_1549299339468{background-image: url(https:\/\/costadelsolliving.com\/wp-content\/uploads\/2019\/02\/service1.jpg?id=203) !important;}\u00bb][\/vc_column][vc_column css_animation=\u00bbfadeInRight\u00bb width=\u00bb1\/2&#8243; el_class=\u00bbcol-md-6&#8243;][vc_custom_heading text=\u00bbVentas y alquileres\u00bb use_theme_fonts=\u00bbyes\u00bb][vc_column_text]<\/p>\n<p style=\"text-align: left;\">Tenemos propiedades ubicadas en los destinos m\u00e1s deseables de la Costa del Sol, desde las playas de Benalm\u00e1dena hasta los glamorosos puertos deportivos de Marbella, Puerto Ban\u00fas y Sotogrande, podemos encontrar la propiedad ideal en una ubicaci\u00f3n privilegiada.<\/p>\n<p>[\/vc_column_text][vc_btn title=\u00bbVer ventas y alquileres\u00bb style=\u00bbflat\u00bb shape=\u00bbsquare\u00bb el_class=\u00bbcta transparent\u00bb link=\u00bburl:https%3A%2F%2Fcostadelsolliving.com%2Fservices%2Fproperties%2F|title:Property%20for%20sale||\u00bb][\/vc_column][\/vc_row][vc_row css_animation=\u00bbfadeInRight\u00bb el_class=\u00bbgrey\u00bb el_id=\u00bbservicesSliderWrapper\u00bb][vc_column][vc_column_text]<div id='servicesSlider'><ul class='slides'><li><div class=\"col-md-6\"><div class='textContentWrapper'><div class='textContent'><h2>Servicio postventa<\/h2><p>Encontrar su propiedad perfecta en la Costa del Sol es solo el comienzo ... as\u00ed que hemos reunido una gama de servicios de propiedad posventa dise\u00f1ados para ayudarlo a relajarse en su nueva vida con la menor cantidad de complicaciones.<\/p><a href='https:\/\/costadelsolliving.com\/wp-content\/uploads\/2019\/06\/Aftersales-brochure.pdf' class='cta transparent brochure' target='_blank'><button>Descargar Folleto<\/button><\/a><a href='https:\/\/costadelsolliving.com\/es\/service\/after-sales-service\/' class='cta transparent'><button>Ver Servicio<\/button><\/a><\/div><\/div><\/div><div class=\"col-md-6 pic\" style=\"background-image: url(https:\/\/costadelsolliving.com\/wp-content\/uploads\/2019\/05\/las-olas6-1024x576.jpg)\"><\/div><div class='clr'><\/div><\/li><li><div class=\"col-md-6\"><div class='textContentWrapper'><div class='textContent'><h2>Proceso de compra<\/h2><p>Una vez que haya encontrado la propiedad correcta, el proceso de compra comienza con un acuerdo de reserva, que retira la propiedad del mercado y tambi\u00e9n \"congela\" el precio de compra. El dep\u00f3sito a pagar en esta etapa es de&hellip;<\/p><a href='https:\/\/costadelsolliving.com\/wp-content\/uploads\/2019\/06\/Buying-Process.pdf' class='cta transparent brochure' target='_blank'><button>Descargar Folleto<\/button><\/a><a href='https:\/\/costadelsolliving.com\/es\/service\/buying-process\/' class='cta transparent'><button>Ver Servicio<\/button><\/a><\/div><\/div><\/div><div class=\"col-md-6 pic\" style=\"background-image: url(https:\/\/costadelsolliving.com\/wp-content\/uploads\/2019\/05\/ef91e062-48eb-4134-8099-5dfa0a705738-1024x576.jpg)\"><\/div><div class='clr'><\/div><\/li><li><div class=\"col-md-6\"><div class='textContentWrapper'><div class='textContent'><h2>Paquetes de muebles<\/h2><p>[vc_row][vc_column][vc_column_text]Furniture packages start from \u20ac8499, consist of: Corner sofa with chaise, Coffee table 120x60, Side table 60x60, TV unit 98x55, Lamp for side table, Rug 140x200, Dining table 150x90 \u2013Extending, options also available, 44 x Leather dining chairs, Sideboard 160cm,&hellip;<\/p><a href='https:\/\/costadelsolliving.com\/wp-content\/uploads\/2019\/06\/Furniture-Packs.pdf' class='cta transparent brochure' target='_blank'><button>Descargar Folleto<\/button><\/a><a href='https:\/\/costadelsolliving.com\/es\/service\/furniture-packs\/' class='cta transparent'><button>Ver Servicio<\/button><\/a><\/div><\/div><\/div><div class=\"col-md-6 pic\" style=\"background-image: url(https:\/\/costadelsolliving.com\/wp-content\/uploads\/2019\/05\/Blue-Suites-11-1024x576.jpg)\"><\/div><div class='clr'><\/div><\/li><li><div class=\"col-md-6\"><div class='textContentWrapper'><div class='textContent'><h2>Kit de listado<\/h2><p>[vc_row][vc_column][vc_column_text]Costa del Sol Living is leading the way in the Costa del Sol Real Estate Market. Our aim is to deliver exceptional service and a high level of dedication to our clients and their properties. Through constant innovation and the&hellip;<\/p><a href='https:\/\/costadelsolliving.com\/wp-content\/uploads\/2019\/06\/Costa-Del-Sol-Living-Listing-kit-Spanish-1.pdf' class='cta transparent brochure' target='_blank'><button>Descargar Folleto<\/button><\/a><a href='https:\/\/costadelsolliving.com\/es\/service\/listing-kit\/' class='cta transparent'><button>Ver Servicio<\/button><\/a><\/div><\/div><\/div><div class=\"col-md-6 pic\" style=\"background-image: url(https:\/\/costadelsolliving.com\/wp-content\/uploads\/2019\/05\/Blue-Suites-3-1024x576.jpg)\"><\/div><div class='clr'><\/div><\/li><li><div class=\"col-md-6\"><div class='textContentWrapper'><div class='textContent'><h2>Mantenimiento de la propiedad<\/h2><p>Reconocemos que la gesti\u00f3n de la propiedad tiene que ver con la atenci\u00f3n al detalle y la prestaci\u00f3n de un servicio personalizado y personalizado de las necesidades de cada propietario. Nuestros servicios de administraci\u00f3n de propiedades se pueden tomar solos&hellip;<\/p><a href='https:\/\/costadelsolliving.com\/wp-content\/uploads\/2019\/02\/Mantenimiento-Propiedad.pdf' class='cta transparent brochure' target='_blank'><button>Descargar Folleto<\/button><\/a><a href='https:\/\/costadelsolliving.com\/es\/service\/management\/' class='cta transparent'><button>Ver Servicio<\/button><\/a><\/div><\/div><\/div><div class=\"col-md-6 pic\" style=\"background-image: url(https:\/\/costadelsolliving.com\/wp-content\/uploads\/2019\/02\/service2.jpg)\"><\/div><div class='clr'><\/div><\/li><\/ul><\/div>[\/vc_column_text][\/vc_column][\/vc_row][vc_row css_animation=\u00bbfadeIn\u00bb el_class=\u00bbbgColour\u00bb css=\u00bb.vc_custom_1549362831862{background-color: #eaeaea !important;}\u00bb el_id=\u00bblatestNews\u00bb][vc_column][vc_custom_heading text=\u00bb\u00daltimas noticias\u00bb font_container=\u00bbtag:h2|text_align:center\u00bb][vc_column_text el_class=\u00bbcontainer\u00bb]<div id='latestNews'><div class=\"col-md-6\"><a href=\"https:\/\/costadelsolliving.com\/developments\/dora-maar\/\" target=\"_self\" class=\"col-md-3 postPic\" style=\"background-position: center center; background-image: url(https:\/\/costadelsolliving.com\/wp-content\/uploads\/2019\/10\/residencialdoramaardoramaar-exteriorpiscina-1920x1080.jpg)\"><div class=\"overlay\"><\/div><\/a><div class=\"col-md-9\"><a href=\"https:\/\/costadelsolliving.com\/developments\/dora-maar\/\" target=\"_self\">Dora Maar - 2, 3 AND 4 BEDROOM APARTMENTS FROM \u20ac223,000<\/a>Dora Maar is a 2, 3 and 4 bedroom boutique development in the urban centre of San Pedro de Alc\u00e1ntara. A vibrant traditional town in the Marbella District. The development is located just 5 minutes...<\/div><div class=\"clr\"><\/div><\/div><div class=\"col-md-6\"><a href=\"https:\/\/costadelsolliving.com\/developments\/alcazaba-lagoon\/\" target=\"_self\" class=\"col-md-3 postPic\" style=\"background-position: ; background-image: url(https:\/\/costadelsolliving.com\/wp-content\/uploads\/2019\/10\/AlcazabaLagoon27-1.jpg)\"><div class=\"overlay\"><\/div><\/a><div class=\"col-md-9\"><a href=\"https:\/\/costadelsolliving.com\/developments\/alcazaba-lagoon\/\" target=\"_self\">Alcazaba Lagoon<\/a>1.5, 2 and 3 bedroom apartments and penthouses with a private beach right on your doorstep having turquoise lagoon waters in a tropical setting from \u20ac199,000. An exclusive mediterranean style residential complex dwellings with large...<\/div><div class=\"clr\"><\/div><\/div><div class='clr'><\/div><\/div>[\/vc_column_text][vc_btn title=\u00bbLee las noticias\u00bb style=\u00bbflat\u00bb shape=\u00bbsquare\u00bb color=\u00bbprimary\u00bb align=\u00bbcenter\u00bb el_class=\u00bbcta\u00bb link=\u00bburl:https%3A%2F%2Fcostadelsolliving.com%2Fblog%2F|||\u00bb][\/vc_column][\/vc_row]<\/p>\n<p><\/p>\n<\/div>","protected":false},"excerpt":{"rendered":"<p>[vc_row el_class=\u00bbcontainer\u00bb el_id=\u00bbintro\u00bb][vc_column css_animation=\u00bbfadeInLeft\u00bb width=\u00bb1\/2&#8243;][vc_custom_heading text=\u00bbFundada en 2008&#8243; font_container=\u00bbtag:h2|text_align:center\u00bb use_theme_fonts=\u00bbyes\u00bb][vc_column_text]Costa del Sol Living es una empresa familiar fundada en 2008 con sede en el coraz\u00f3n de la Costa del Sol, M\u00e1laga. Tenemos un amplia experiencia del sector inmobiliario.[\/vc_column_text][\/vc_column][vc_column css_animation=\u00bbfadeInRight\u00bb width=\u00bb1\/2&#8243;][vc_custom_heading &hellip; <a href=\"https:\/\/costadelsolliving.com\/es\/\">Sigue leyendo <span class=\"meta-nav\">&rarr;<\/span><\/a><\/p>\n","protected":false},"author":3,"featured_media":0,"parent":0,"menu_order":18,"comment_status":"closed","ping_status":"open","template":"","meta":{"_acf_changed":false,"_exactmetrics_skip_tracking":false,"_exactmetrics_sitenote_active":false,"_exactmetrics_sitenote_note":"","_exactmetrics_sitenote_category":0,"footnotes":""},"class_list":["post-2","page","type-page","status-publish","hentry"],"acf":[],"yoast_head":"<!-- This site is optimized with the Yoast SEO plugin v23.2 - https:\/\/yoast.com\/wordpress\/plugins\/seo\/ -->\n<title>Costa del Sol Living<\/title>\n<meta name=\"description\" content=\"Costa del Sol Living is a family run real estate business founded in 2008 based out of it\u00b4s main office in Costalita, Estepona, Malaga on the Costa Del Sol.\" \/>\n<meta name=\"robots\" content=\"index, follow, max-snippet:-1, max-image-preview:large, max-video-preview:-1\" \/>\n<link rel=\"canonical\" href=\"https:\/\/costadelsolliving.com\/es\/\" \/>\n<meta name=\"twitter:label1\" content=\"Tiempo de lectura\" \/>\n\t<meta name=\"twitter:data1\" content=\"2 minutos\" \/>\n<script type=\"application\/ld+json\" class=\"yoast-schema-graph\">{\"@context\":\"https:\/\/schema.org\",\"@graph\":[{\"@type\":\"WebPage\",\"@id\":\"https:\/\/costadelsolliving.com\/es\/\",\"url\":\"https:\/\/costadelsolliving.com\/es\/\",\"name\":\"Costa del Sol Living\",\"isPartOf\":{\"@id\":\"https:\/\/costadelsolliving.com\/es\/#website\"},\"datePublished\":\"2019-01-22T10:40:14+00:00\",\"dateModified\":\"2022-09-14T13:41:55+00:00\",\"description\":\"Costa del Sol Living is a family run real estate business founded in 2008 based out of it\u00b4s main office in Costalita, Estepona, Malaga on the Costa Del Sol.\",\"breadcrumb\":{\"@id\":\"https:\/\/costadelsolliving.com\/es\/#breadcrumb\"},\"inLanguage\":\"es\",\"potentialAction\":[{\"@type\":\"ReadAction\",\"target\":[[\"https:\/\/costadelsolliving.com\/es\/\"]]}]},{\"@type\":\"BreadcrumbList\",\"@id\":\"https:\/\/costadelsolliving.com\/es\/#breadcrumb\",\"itemListElement\":[{\"@type\":\"ListItem\",\"position\":1,\"name\":\"Home\",\"item\":\"https:\/\/costadelsolliving.com\/es\/\"},{\"@type\":\"ListItem\",\"position\":2,\"name\":\"Costa del Sol Living\"}]},{\"@type\":\"WebSite\",\"@id\":\"https:\/\/costadelsolliving.com\/es\/#website\",\"url\":\"https:\/\/costadelsolliving.com\/es\/\",\"name\":\"Costa del Sol Living\",\"description\":\"\",\"publisher\":{\"@id\":\"https:\/\/costadelsolliving.com\/es\/#organization\"},\"potentialAction\":[{\"@type\":\"SearchAction\",\"target\":{\"@type\":\"EntryPoint\",\"urlTemplate\":\"https:\/\/costadelsolliving.com\/es\/?s={search_term_string}\"},\"query-input\":\"required name=search_term_string\"}],\"inLanguage\":\"es\"},{\"@type\":\"Organization\",\"@id\":\"https:\/\/costadelsolliving.com\/es\/#organization\",\"name\":\"Costa del Sol Living\",\"url\":\"https:\/\/costadelsolliving.com\/es\/\",\"logo\":{\"@type\":\"ImageObject\",\"inLanguage\":\"es\",\"@id\":\"https:\/\/costadelsolliving.com\/es\/#\/schema\/logo\/image\/\",\"url\":\"https:\/\/costadelsolliving.com\/wp-content\/uploads\/2019\/02\/logo.png\",\"contentUrl\":\"https:\/\/costadelsolliving.com\/wp-content\/uploads\/2019\/02\/logo.png\",\"width\":298,\"height\":130,\"caption\":\"Costa del Sol Living\"},\"image\":{\"@id\":\"https:\/\/costadelsolliving.com\/es\/#\/schema\/logo\/image\/\"}}]}<\/script>\n<!-- \/ Yoast SEO plugin. -->","yoast_head_json":{"title":"Costa del Sol Living","description":"Costa del Sol Living is a family run real estate business founded in 2008 based out of it\u00b4s main office in Costalita, Estepona, Malaga on the Costa Del Sol.","robots":{"index":"index","follow":"follow","max-snippet":"max-snippet:-1","max-image-preview":"max-image-preview:large","max-video-preview":"max-video-preview:-1"},"canonical":"https:\/\/costadelsolliving.com\/es\/","twitter_misc":{"Tiempo de lectura":"2 minutos"},"schema":{"@context":"https:\/\/schema.org","@graph":[{"@type":"WebPage","@id":"https:\/\/costadelsolliving.com\/es\/","url":"https:\/\/costadelsolliving.com\/es\/","name":"Costa del Sol Living","isPartOf":{"@id":"https:\/\/costadelsolliving.com\/es\/#website"},"datePublished":"2019-01-22T10:40:14+00:00","dateModified":"2022-09-14T13:41:55+00:00","description":"Costa del Sol Living is a family run real estate business founded in 2008 based out of it\u00b4s main office in Costalita, Estepona, Malaga on the Costa Del Sol.","breadcrumb":{"@id":"https:\/\/costadelsolliving.com\/es\/#breadcrumb"},"inLanguage":"es","potentialAction":[{"@type":"ReadAction","target":[["https:\/\/costadelsolliving.com\/es\/"]]}]},{"@type":"BreadcrumbList","@id":"https:\/\/costadelsolliving.com\/es\/#breadcrumb","itemListElement":[{"@type":"ListItem","position":1,"name":"Home","item":"https:\/\/costadelsolliving.com\/es\/"},{"@type":"ListItem","position":2,"name":"Costa del Sol Living"}]},{"@type":"WebSite","@id":"https:\/\/costadelsolliving.com\/es\/#website","url":"https:\/\/costadelsolliving.com\/es\/","name":"Costa del Sol Living","description":"","publisher":{"@id":"https:\/\/costadelsolliving.com\/es\/#organization"},"potentialAction":[{"@type":"SearchAction","target":{"@type":"EntryPoint","urlTemplate":"https:\/\/costadelsolliving.com\/es\/?s={search_term_string}"},"query-input":"required name=search_term_string"}],"inLanguage":"es"},{"@type":"Organization","@id":"https:\/\/costadelsolliving.com\/es\/#organization","name":"Costa del Sol Living","url":"https:\/\/costadelsolliving.com\/es\/","logo":{"@type":"ImageObject","inLanguage":"es","@id":"https:\/\/costadelsolliving.com\/es\/#\/schema\/logo\/image\/","url":"https:\/\/costadelsolliving.com\/wp-content\/uploads\/2019\/02\/logo.png","contentUrl":"https:\/\/costadelsolliving.com\/wp-content\/uploads\/2019\/02\/logo.png","width":298,"height":130,"caption":"Costa del Sol Living"},"image":{"@id":"https:\/\/costadelsolliving.com\/es\/#\/schema\/logo\/image\/"}}]}},"_links":{"self":[{"href":"https:\/\/costadelsolliving.com\/es\/wp-json\/wp\/v2\/pages\/2","targetHints":{"allow":["GET"]}}],"collection":[{"href":"https:\/\/costadelsolliving.com\/es\/wp-json\/wp\/v2\/pages"}],"about":[{"href":"https:\/\/costadelsolliving.com\/es\/wp-json\/wp\/v2\/types\/page"}],"author":[{"embeddable":true,"href":"https:\/\/costadelsolliving.com\/es\/wp-json\/wp\/v2\/users\/3"}],"replies":[{"embeddable":true,"href":"https:\/\/costadelsolliving.com\/es\/wp-json\/wp\/v2\/comments?post=2"}],"version-history":[{"count":13,"href":"https:\/\/costadelsolliving.com\/es\/wp-json\/wp\/v2\/pages\/2\/revisions"}],"predecessor-version":[{"id":126123,"href":"https:\/\/costadelsolliving.com\/es\/wp-json\/wp\/v2\/pages\/2\/revisions\/126123"}],"wp:attachment":[{"href":"https:\/\/costadelsolliving.com\/es\/wp-json\/wp\/v2\/media?parent=2"}],"curies":[{"name":"wp","href":"https:\/\/api.w.org\/{rel}","templated":true}]}}