{"id":27,"date":"2019-01-23T15:55:20","date_gmt":"2019-01-23T15:55:20","guid":{"rendered":"https:\/\/costadelsolliving.com\/?page_id=27"},"modified":"2019-10-02T11:46:01","modified_gmt":"2019-10-02T11:46:01","slug":"remove-me","status":"publish","type":"page","link":"https:\/\/costadelsolliving.com\/es\/contact-us\/remove-me\/","title":{"rendered":"Quitame"},"content":{"rendered":"<p>El siguiente formulario le da derecho a solicitarnos que eliminemos cualquier informaci\u00f3n personal que tengamos de usted en base a consultas anteriores de este sitio web o por cualquier otro medio. de acuerdo con GDPR. Para saber m\u00e1s, visite nuestra p\u00e1gina de Pol\u00edtica de privacidad aqu\u00ed.<\/p>\n<div class=\"frm_forms  with_frm_style frm_style_formidable-style-12\" id=\"frm_form_6_container\" >\n<form enctype=\"multipart\/form-data\" method=\"post\" class=\"frm-show-form  frm_pro_form \" id=\"form_contact23\"  >\n<div class=\"frm_form_fields \">\n<fieldset>\n<legend class=\"frm_screen_reader\">Right to be forgotten<\/legend>\r\n\r\n<div class=\"frm_fields_container\">\n<input type=\"hidden\" name=\"frm_action\" value=\"create\" \/>\n<input type=\"hidden\" name=\"form_id\" value=\"6\" \/>\n<input type=\"hidden\" name=\"frm_hide_fields_6\" id=\"frm_hide_fields_6\" value=\"\" \/>\n<input type=\"hidden\" name=\"form_key\" value=\"contact23\" \/>\n<input type=\"hidden\" name=\"item_meta[0]\" value=\"\" \/>\n<input type=\"hidden\" id=\"frm_submit_entry_6\" name=\"frm_submit_entry_6\" value=\"a611e7d7ab\" \/><input type=\"hidden\" name=\"_wp_http_referer\" value=\"\/es\/wp-json\/wp\/v2\/pages\/27\" \/><div id=\"frm_field_67_container\" class=\"frm_form_field form-field  frm_required_field frm_none_container frm_first frm_third\">\r\n    <label for=\"field_qh4icy52\" class=\"frm_primary_label\">Name\r\n        <span class=\"frm_required\"><\/span>\r\n    <\/label>\r\n    <input type=\"text\" id=\"field_qh4icy52\" name=\"item_meta[67]\" value=\"\"  placeholder=\"Nombre\" data-reqmsg=\"Name cannot be blank.\" aria-required=\"true\" data-invmsg=\"Name is invalid\" aria-invalid=\"false\"  \/>\r\n    \r\n    \r\n<\/div>\n<div id=\"frm_field_69_container\" class=\"frm_form_field form-field  frm_required_field frm_none_container frm_third\">\r\n    <label for=\"field_29yf4d52\" class=\"frm_primary_label\">Email\r\n        <span class=\"frm_required\"><\/span>\r\n    <\/label>\r\n    <input type=\"email\" id=\"field_29yf4d52\" name=\"item_meta[69]\" value=\"\"  placeholder=\"Correo electr\u00f3nico\" data-reqmsg=\"Email cannot be blank.\" aria-required=\"true\" data-invmsg=\"Please enter a valid email address\" aria-invalid=\"false\"  \/>\r\n    \r\n    \r\n<\/div>\n<div id=\"frm_field_70_container\" class=\"frm_form_field form-field  frm_none_container frm_third\">\r\n    <label for=\"field_e6lis65\" class=\"frm_primary_label\">Subject\r\n        <span class=\"frm_required\"><\/span>\r\n    <\/label>\r\n    <input type=\"text\" id=\"field_e6lis65\" name=\"item_meta[70]\" value=\"\"  readonly=\"readonly\"  placeholder=\"Tema\" data-invmsg=\"Subject is invalid\" aria-invalid=\"false\"  \/>\r\n    \r\n    \r\n<\/div>\n<div id=\"frm_field_71_container\" class=\"frm_form_field form-field  frm_required_field frm_none_container frm_full\">\r\n    <label for=\"field_9jv0r152\" class=\"frm_primary_label\">Message\r\n        <span class=\"frm_required\"><\/span>\r\n    <\/label>\r\n    <textarea name=\"item_meta[71]\" id=\"field_9jv0r152\" rows=\"5\"  placeholder=\"Mensaje\" data-reqmsg=\"Message cannot be blank.\" aria-required=\"true\" data-invmsg=\"Message no es v\u00e1lido\" aria-invalid=\"false\"  ><\/textarea>\r\n    \r\n    \r\n<\/div>\n<div id=\"frm_field_316_container\" class=\"frm_form_field form-field  frm_none_container\">\r\n    <label for=\"g-recaptcha-response\" id=\"field_lloj2_label\" class=\"frm_primary_label\">reCAPTCHA\r\n        <span class=\"frm_required\" aria-hidden=\"true\"><\/span>\r\n    <\/label>\r\n    <div  id=\"field_lloj2\" class=\"frm-g-recaptcha\" data-sitekey=\"6Ledc7AUAAAAAHC7KNDi_EMH5N6R15z1fbOGcjPj\" data-size=\"invisible\" data-theme=\"light\"><\/div>\r\n    \r\n    \r\n<\/div>\n\t<input type=\"hidden\" name=\"item_key\" value=\"\" \/>\n\t\t\t\t<div class=\"frm__653b8cdfbcc22\">\n\t\t\t\t<label for=\"frm_email_6\" >\n\t\t\t\t\tSi eres humano, deja este campo en blanco.\t\t\t\t<\/label>\n\t\t\t\t<input  id=\"frm_email_6\" type=\"email\" class=\"frm_verify\" name=\"frm__653b8cdfbcc22\" value=\"\"  \/>\n\t\t\t<\/div>\n\t\t<input name=\"frm_state\" type=\"hidden\" value=\"lHuslMj0J+NWHD9Po3ThQoB6Ind6v1ff5OcAQwrmJes=\" \/><div class=\"frm_submit\">\r\n\r\n<button class=\"frm_button_submit frm_final_submit\" type=\"submit\"   formnovalidate=\"formnovalidate\">Submit<\/button>\r\n\r\n<\/div><\/div>\n<\/fieldset>\n<\/div>\n<\/form>\n<\/div>\n<\/p>","protected":false},"excerpt":{"rendered":"<p>El siguiente formulario le da derecho a solicitarnos que eliminemos cualquier informaci\u00f3n personal que tengamos de usted en base a consultas anteriores de este sitio web o por cualquier otro medio. de acuerdo con GDPR. Para saber m\u00e1s, visite nuestra &hellip; <a href=\"https:\/\/costadelsolliving.com\/es\/contact-us\/remove-me\/\">Sigue leyendo <span class=\"meta-nav\">&rarr;<\/span><\/a><\/p>\n","protected":false},"author":3,"featured_media":0,"parent":23,"menu_order":16,"comment_status":"closed","ping_status":"closed","template":"page-full-width.php","meta":{"_acf_changed":false,"_exactmetrics_skip_tracking":false,"_exactmetrics_sitenote_active":false,"_exactmetrics_sitenote_note":"","_exactmetrics_sitenote_category":0,"footnotes":""},"class_list":["post-27","page","type-page","status-publish","hentry"],"acf":[],"yoast_head":"<!-- This site is optimized with the Yoast SEO plugin v23.2 - https:\/\/yoast.com\/wordpress\/plugins\/seo\/ -->\n<title>Quitame - Costa del Sol Living<\/title>\n<meta name=\"robots\" content=\"index, follow, max-snippet:-1, max-image-preview:large, max-video-preview:-1\" \/>\n<link rel=\"canonical\" href=\"https:\/\/costadelsolliving.com\/es\/contact-us\/remove-me\/\" \/>\n<meta name=\"twitter:label1\" content=\"Tiempo de lectura\" \/>\n\t<meta name=\"twitter:data1\" content=\"1 minuto\" \/>\n<script type=\"application\/ld+json\" class=\"yoast-schema-graph\">{\"@context\":\"https:\/\/schema.org\",\"@graph\":[{\"@type\":\"WebPage\",\"@id\":\"https:\/\/costadelsolliving.com\/es\/contact-us\/remove-me\/\",\"url\":\"https:\/\/costadelsolliving.com\/es\/contact-us\/remove-me\/\",\"name\":\"Quitame - Costa del Sol Living\",\"isPartOf\":{\"@id\":\"https:\/\/costadelsolliving.com\/es\/#website\"},\"datePublished\":\"2019-01-23T15:55:20+00:00\",\"dateModified\":\"2019-10-02T11:46:01+00:00\",\"breadcrumb\":{\"@id\":\"https:\/\/costadelsolliving.com\/es\/contact-us\/remove-me\/#breadcrumb\"},\"inLanguage\":\"es\",\"potentialAction\":[{\"@type\":\"ReadAction\",\"target\":[[\"https:\/\/costadelsolliving.com\/es\/contact-us\/remove-me\/\"]]}]},{\"@type\":\"BreadcrumbList\",\"@id\":\"https:\/\/costadelsolliving.com\/es\/contact-us\/remove-me\/#breadcrumb\",\"itemListElement\":[{\"@type\":\"ListItem\",\"position\":1,\"name\":\"Home\",\"item\":\"https:\/\/costadelsolliving.com\/es\/\"},{\"@type\":\"ListItem\",\"position\":2,\"name\":\"Contacto\",\"item\":\"https:\/\/costadelsolliving.com\/es\/contact-us\/\"},{\"@type\":\"ListItem\",\"position\":3,\"name\":\"Quitame\"}]},{\"@type\":\"WebSite\",\"@id\":\"https:\/\/costadelsolliving.com\/es\/#website\",\"url\":\"https:\/\/costadelsolliving.com\/es\/\",\"name\":\"Costa del Sol Living\",\"description\":\"\",\"publisher\":{\"@id\":\"https:\/\/costadelsolliving.com\/es\/#organization\"},\"potentialAction\":[{\"@type\":\"SearchAction\",\"target\":{\"@type\":\"EntryPoint\",\"urlTemplate\":\"https:\/\/costadelsolliving.com\/es\/?s={search_term_string}\"},\"query-input\":\"required name=search_term_string\"}],\"inLanguage\":\"es\"},{\"@type\":\"Organization\",\"@id\":\"https:\/\/costadelsolliving.com\/es\/#organization\",\"name\":\"Costa del Sol Living\",\"url\":\"https:\/\/costadelsolliving.com\/es\/\",\"logo\":{\"@type\":\"ImageObject\",\"inLanguage\":\"es\",\"@id\":\"https:\/\/costadelsolliving.com\/es\/#\/schema\/logo\/image\/\",\"url\":\"https:\/\/costadelsolliving.com\/wp-content\/uploads\/2019\/02\/logo.png\",\"contentUrl\":\"https:\/\/costadelsolliving.com\/wp-content\/uploads\/2019\/02\/logo.png\",\"width\":298,\"height\":130,\"caption\":\"Costa del Sol Living\"},\"image\":{\"@id\":\"https:\/\/costadelsolliving.com\/es\/#\/schema\/logo\/image\/\"}}]}<\/script>\n<!-- \/ Yoast SEO plugin. -->","yoast_head_json":{"title":"Quitame - Costa del Sol Living","robots":{"index":"index","follow":"follow","max-snippet":"max-snippet:-1","max-image-preview":"max-image-preview:large","max-video-preview":"max-video-preview:-1"},"canonical":"https:\/\/costadelsolliving.com\/es\/contact-us\/remove-me\/","twitter_misc":{"Tiempo de lectura":"1 minuto"},"schema":{"@context":"https:\/\/schema.org","@graph":[{"@type":"WebPage","@id":"https:\/\/costadelsolliving.com\/es\/contact-us\/remove-me\/","url":"https:\/\/costadelsolliving.com\/es\/contact-us\/remove-me\/","name":"Quitame - Costa del Sol Living","isPartOf":{"@id":"https:\/\/costadelsolliving.com\/es\/#website"},"datePublished":"2019-01-23T15:55:20+00:00","dateModified":"2019-10-02T11:46:01+00:00","breadcrumb":{"@id":"https:\/\/costadelsolliving.com\/es\/contact-us\/remove-me\/#breadcrumb"},"inLanguage":"es","potentialAction":[{"@type":"ReadAction","target":[["https:\/\/costadelsolliving.com\/es\/contact-us\/remove-me\/"]]}]},{"@type":"BreadcrumbList","@id":"https:\/\/costadelsolliving.com\/es\/contact-us\/remove-me\/#breadcrumb","itemListElement":[{"@type":"ListItem","position":1,"name":"Home","item":"https:\/\/costadelsolliving.com\/es\/"},{"@type":"ListItem","position":2,"name":"Contacto","item":"https:\/\/costadelsolliving.com\/es\/contact-us\/"},{"@type":"ListItem","position":3,"name":"Quitame"}]},{"@type":"WebSite","@id":"https:\/\/costadelsolliving.com\/es\/#website","url":"https:\/\/costadelsolliving.com\/es\/","name":"Costa del Sol Living","description":"","publisher":{"@id":"https:\/\/costadelsolliving.com\/es\/#organization"},"potentialAction":[{"@type":"SearchAction","target":{"@type":"EntryPoint","urlTemplate":"https:\/\/costadelsolliving.com\/es\/?s={search_term_string}"},"query-input":"required name=search_term_string"}],"inLanguage":"es"},{"@type":"Organization","@id":"https:\/\/costadelsolliving.com\/es\/#organization","name":"Costa del Sol Living","url":"https:\/\/costadelsolliving.com\/es\/","logo":{"@type":"ImageObject","inLanguage":"es","@id":"https:\/\/costadelsolliving.com\/es\/#\/schema\/logo\/image\/","url":"https:\/\/costadelsolliving.com\/wp-content\/uploads\/2019\/02\/logo.png","contentUrl":"https:\/\/costadelsolliving.com\/wp-content\/uploads\/2019\/02\/logo.png","width":298,"height":130,"caption":"Costa del Sol Living"},"image":{"@id":"https:\/\/costadelsolliving.com\/es\/#\/schema\/logo\/image\/"}}]}},"_links":{"self":[{"href":"https:\/\/costadelsolliving.com\/es\/wp-json\/wp\/v2\/pages\/27"}],"collection":[{"href":"https:\/\/costadelsolliving.com\/es\/wp-json\/wp\/v2\/pages"}],"about":[{"href":"https:\/\/costadelsolliving.com\/es\/wp-json\/wp\/v2\/types\/page"}],"author":[{"embeddable":true,"href":"https:\/\/costadelsolliving.com\/es\/wp-json\/wp\/v2\/users\/3"}],"replies":[{"embeddable":true,"href":"https:\/\/costadelsolliving.com\/es\/wp-json\/wp\/v2\/comments?post=27"}],"version-history":[{"count":0,"href":"https:\/\/costadelsolliving.com\/es\/wp-json\/wp\/v2\/pages\/27\/revisions"}],"up":[{"embeddable":true,"href":"https:\/\/costadelsolliving.com\/es\/wp-json\/wp\/v2\/pages\/23"}],"wp:attachment":[{"href":"https:\/\/costadelsolliving.com\/es\/wp-json\/wp\/v2\/media?parent=27"}],"curies":[{"name":"wp","href":"https:\/\/api.w.org\/{rel}","templated":true}]}}