{"id":3,"date":"2019-01-22T10:40:14","date_gmt":"2019-01-22T10:40:14","guid":{"rendered":"https:\/\/costadelsolliving.com\/?page_id=3"},"modified":"2019-10-02T11:52:27","modified_gmt":"2019-10-02T11:52:27","slug":"privacy-policy","status":"publish","type":"page","link":"https:\/\/costadelsolliving.com\/es\/privacy-policy\/","title":{"rendered":"Pol\u00edtica de Privacidad"},"content":{"rendered":"<div class=\"wpb-content-wrapper\"><p>[vc_row][vc_column][vc_column_text]<\/p>\n<h2>Recopilaci\u00f3n y derecho de acceso a los datos recopilados<\/h2>\n<ul>\n<li>Informaci\u00f3n que proporciona antes de cualquier proceso de registro, como su correo electr\u00f3nico cuando nos la proporciona;<\/li>\n<li>Informaci\u00f3n que proporciona durante cualquier proceso de registro, incluso en relaci\u00f3n con una oferta de marca compartida (como su nombre, nombre de la empresa, direcci\u00f3n de correo electr\u00f3nico, n\u00famero de tel\u00e9fono, direcci\u00f3n de facturaci\u00f3n o informaci\u00f3n de tarjeta de cr\u00e9dito, ubicaci\u00f3n geogr\u00e1fica e industria), cuando nos llama o nos env\u00eda un correo electr\u00f3nico (para asistencia o de otro modo) o cuando utiliza nuestros productos o servicios; y<\/li>\n<li>Informaci\u00f3n de pago que nos proporciona (a trav\u00e9s de nuestros Servicios o de otro modo) cuando compra algunos de nuestros productos y servicios, incluidos los datos de la tarjeta de cr\u00e9dito.<\/li>\n<\/ul>\n<p>Tiene derecho a cualquiera de sus datos personales recopilados en este sitio y sistema y puede solicitarlo completando este formulario <a href=\"https:\/\/costadelsolliving.com\/contact-us\/request-for-my -personal-data \/ \"> aqu\u00ed <\/a><\/p>\n<h2 id=\"c\u00f3mo-usamos-su-informaci\u00f3n\">C\u00f3mo usamos su informaci\u00f3n<\/h2>\n<p>Tenemos un inter\u00e9s leg\u00edtimo en administrar un negocio exitoso y eficiente y en brindarle Servicios y contenido \u00fatil, y utilizamos la informaci\u00f3n que recopilamos, tanto de forma independiente como combinada con cualquier otra informaci\u00f3n que recopilamos sobre usted, para los siguientes prop\u00f3sitos:<\/p>\n<ul>\n<li>Para proporcionarle los Servicios solicitados;<\/li>\n<li>Para proporcionarle contenido \u00fatil;<\/li>\n<li>Para garantizar el correcto funcionamiento de nuestros Servicios<\/li>\n<li>Para ofrecer y mejorar nuestros Servicios;<\/li>\n<li>Para proporcionarle la informaci\u00f3n solicitada o el soporte t\u00e9cnico<\/li>\n<li>Para facilitar su movimiento a trav\u00e9s de nuestros sitios web o su uso de nuestros Servicios;<\/li>\n<li>Para hacer un mejor trabajo de publicidad y comercializaci\u00f3n de nuestros Servicios (nuestro uso de su informaci\u00f3n para hacer esto se realiza con su consentimiento cuando as\u00ed lo exija la ley aplicable);<\/li>\n<li>En relaci\u00f3n con nuestros programas de seguridad y cumplimiento;<\/li>\n<li>Para administrar nuestros sitios web;<\/li>\n<li>Para comunicarse con usted;<\/li>\n<li>Para ayudarnos a ofrecerle una experiencia personalizada o personalizar nuestros Servicios para usted; y<\/li>\n<li>Como se describe de otra manera en esta pol\u00edtica de privacidad.<\/li>\n<\/ul>\n<p>La informaci\u00f3n de pago que nos proporcione, incluidos los datos de la tarjeta de cr\u00e9dito, solo se utilizar\u00e1 para facilitar el pago de nuestros productos y servicios.<\/p>\n<h2 id=\"intercambio de informaci\u00f3n\">Compartir informaci\u00f3n<\/h2>\n<p><span style=\"vertical-align: heredar;\"> <span style=\"vertical-align: heredar;\"> Compartimos informaci\u00f3n personal con otros miembros de Costa del Sol Living para que nuestros afiliados corporativos puedan contactarlo con ofertas y servicios o productos que pueden ser de su inter\u00e9s y para proporcionarle sus productos y servicios. <\/span> <span style=\"vertical-align: heredar;\"> Cualquier afiliado corporativo puede usar su informaci\u00f3n solo de acuerdo con los t\u00e9rminos de esta pol\u00edtica de privacidad. <\/span> <span style=\"vertical-align: heredar;\"> Si se encuentra en una jurisdicci\u00f3n donde dicho intercambio requiere su permiso, solo lo haremos con su consentimiento. <\/span> <\/span><\/p>\n<h2><span style=\"vertical-align: heredar;\"> <span style=\"vertical-align: heredar;\"> Derecho a ser olvidado <\/span> <\/span><\/h2>\n<p><span style=\"vertical-align: heredar;\"> <span style=\"vertical-align: heredar;\"> <span style=\"vertical-align: heredar;\"> <span style=\"vertical-align: heredar;\"> Tiene derecho a solicitarnos que eliminemos cualquiera de sus datos personales de nuestro sitio y sistema de acuerdo con las normas GDPR, esto puede hacerse completando una solicitud <\/span><\/span> <\/span> &lt;\/ span&gt; <a href=\"https:\/\/costadelsolliving.com\/contact-us\/remove-me\/\"> <span style=\"vertical-align: heredar;\"> <span style=\"vertical-align: heredar;\"> <span style=\"vertical-align: heredar;\"> <span style=\"vertical-align: heredar;\"> aqu\u00ed <\/span> <\/span> <\/span> <\/span> <\/a><\/span>[\/vc_column_text][\/vc_column][\/vc_row]<\/p>\n<\/div>","protected":false},"excerpt":{"rendered":"<p>[vc_row][vc_column][vc_column_text] Recopilaci\u00f3n y derecho de acceso a los datos recopilados Informaci\u00f3n que proporciona antes de cualquier proceso de registro, como su correo electr\u00f3nico cuando nos la proporciona; Informaci\u00f3n que proporciona durante cualquier proceso de registro, incluso en relaci\u00f3n con una &hellip; <a href=\"https:\/\/costadelsolliving.com\/es\/privacy-policy\/\">Sigue leyendo <span class=\"meta-nav\">&rarr;<\/span><\/a><\/p>\n","protected":false},"author":3,"featured_media":0,"parent":0,"menu_order":23,"comment_status":"closed","ping_status":"open","template":"page-full-width.php","meta":{"_acf_changed":false,"_exactmetrics_skip_tracking":false,"_exactmetrics_sitenote_active":false,"_exactmetrics_sitenote_note":"","_exactmetrics_sitenote_category":0,"footnotes":""},"class_list":["post-3","page","type-page","status-publish","hentry"],"acf":[],"yoast_head":"<!-- This site is optimized with the Yoast SEO plugin v23.2 - https:\/\/yoast.com\/wordpress\/plugins\/seo\/ -->\n<title>Pol\u00edtica de Privacidad - Costa del Sol Living<\/title>\n<meta name=\"robots\" content=\"index, follow, max-snippet:-1, max-image-preview:large, max-video-preview:-1\" \/>\n<link rel=\"canonical\" href=\"https:\/\/costadelsolliving.com\/es\/privacy-policy\/\" \/>\n<meta name=\"twitter:label1\" content=\"Tiempo de lectura\" \/>\n\t<meta name=\"twitter:data1\" content=\"14 minutos\" \/>\n<script type=\"application\/ld+json\" class=\"yoast-schema-graph\">{\"@context\":\"https:\/\/schema.org\",\"@graph\":[{\"@type\":\"WebPage\",\"@id\":\"https:\/\/costadelsolliving.com\/es\/privacy-policy\/\",\"url\":\"https:\/\/costadelsolliving.com\/es\/privacy-policy\/\",\"name\":\"Pol\u00edtica de Privacidad - Costa del Sol Living\",\"isPartOf\":{\"@id\":\"https:\/\/costadelsolliving.com\/es\/#website\"},\"datePublished\":\"2019-01-22T10:40:14+00:00\",\"dateModified\":\"2019-10-02T11:52:27+00:00\",\"breadcrumb\":{\"@id\":\"https:\/\/costadelsolliving.com\/es\/privacy-policy\/#breadcrumb\"},\"inLanguage\":\"es\",\"potentialAction\":[{\"@type\":\"ReadAction\",\"target\":[[\"https:\/\/costadelsolliving.com\/es\/privacy-policy\/\"]]}]},{\"@type\":\"BreadcrumbList\",\"@id\":\"https:\/\/costadelsolliving.com\/es\/privacy-policy\/#breadcrumb\",\"itemListElement\":[{\"@type\":\"ListItem\",\"position\":1,\"name\":\"Home\",\"item\":\"https:\/\/costadelsolliving.com\/es\/\"},{\"@type\":\"ListItem\",\"position\":2,\"name\":\"Pol\u00edtica de Privacidad\"}]},{\"@type\":\"WebSite\",\"@id\":\"https:\/\/costadelsolliving.com\/es\/#website\",\"url\":\"https:\/\/costadelsolliving.com\/es\/\",\"name\":\"Costa del Sol Living\",\"description\":\"\",\"publisher\":{\"@id\":\"https:\/\/costadelsolliving.com\/es\/#organization\"},\"potentialAction\":[{\"@type\":\"SearchAction\",\"target\":{\"@type\":\"EntryPoint\",\"urlTemplate\":\"https:\/\/costadelsolliving.com\/es\/?s={search_term_string}\"},\"query-input\":\"required name=search_term_string\"}],\"inLanguage\":\"es\"},{\"@type\":\"Organization\",\"@id\":\"https:\/\/costadelsolliving.com\/es\/#organization\",\"name\":\"Costa del Sol Living\",\"url\":\"https:\/\/costadelsolliving.com\/es\/\",\"logo\":{\"@type\":\"ImageObject\",\"inLanguage\":\"es\",\"@id\":\"https:\/\/costadelsolliving.com\/es\/#\/schema\/logo\/image\/\",\"url\":\"https:\/\/costadelsolliving.com\/wp-content\/uploads\/2019\/02\/logo.png\",\"contentUrl\":\"https:\/\/costadelsolliving.com\/wp-content\/uploads\/2019\/02\/logo.png\",\"width\":298,\"height\":130,\"caption\":\"Costa del Sol Living\"},\"image\":{\"@id\":\"https:\/\/costadelsolliving.com\/es\/#\/schema\/logo\/image\/\"}}]}<\/script>\n<!-- \/ Yoast SEO plugin. -->","yoast_head_json":{"title":"Pol\u00edtica de Privacidad - Costa del Sol Living","robots":{"index":"index","follow":"follow","max-snippet":"max-snippet:-1","max-image-preview":"max-image-preview:large","max-video-preview":"max-video-preview:-1"},"canonical":"https:\/\/costadelsolliving.com\/es\/privacy-policy\/","twitter_misc":{"Tiempo de lectura":"14 minutos"},"schema":{"@context":"https:\/\/schema.org","@graph":[{"@type":"WebPage","@id":"https:\/\/costadelsolliving.com\/es\/privacy-policy\/","url":"https:\/\/costadelsolliving.com\/es\/privacy-policy\/","name":"Pol\u00edtica de Privacidad - Costa del Sol Living","isPartOf":{"@id":"https:\/\/costadelsolliving.com\/es\/#website"},"datePublished":"2019-01-22T10:40:14+00:00","dateModified":"2019-10-02T11:52:27+00:00","breadcrumb":{"@id":"https:\/\/costadelsolliving.com\/es\/privacy-policy\/#breadcrumb"},"inLanguage":"es","potentialAction":[{"@type":"ReadAction","target":[["https:\/\/costadelsolliving.com\/es\/privacy-policy\/"]]}]},{"@type":"BreadcrumbList","@id":"https:\/\/costadelsolliving.com\/es\/privacy-policy\/#breadcrumb","itemListElement":[{"@type":"ListItem","position":1,"name":"Home","item":"https:\/\/costadelsolliving.com\/es\/"},{"@type":"ListItem","position":2,"name":"Pol\u00edtica de Privacidad"}]},{"@type":"WebSite","@id":"https:\/\/costadelsolliving.com\/es\/#website","url":"https:\/\/costadelsolliving.com\/es\/","name":"Costa del Sol Living","description":"","publisher":{"@id":"https:\/\/costadelsolliving.com\/es\/#organization"},"potentialAction":[{"@type":"SearchAction","target":{"@type":"EntryPoint","urlTemplate":"https:\/\/costadelsolliving.com\/es\/?s={search_term_string}"},"query-input":"required name=search_term_string"}],"inLanguage":"es"},{"@type":"Organization","@id":"https:\/\/costadelsolliving.com\/es\/#organization","name":"Costa del Sol Living","url":"https:\/\/costadelsolliving.com\/es\/","logo":{"@type":"ImageObject","inLanguage":"es","@id":"https:\/\/costadelsolliving.com\/es\/#\/schema\/logo\/image\/","url":"https:\/\/costadelsolliving.com\/wp-content\/uploads\/2019\/02\/logo.png","contentUrl":"https:\/\/costadelsolliving.com\/wp-content\/uploads\/2019\/02\/logo.png","width":298,"height":130,"caption":"Costa del Sol Living"},"image":{"@id":"https:\/\/costadelsolliving.com\/es\/#\/schema\/logo\/image\/"}}]}},"_links":{"self":[{"href":"https:\/\/costadelsolliving.com\/es\/wp-json\/wp\/v2\/pages\/3"}],"collection":[{"href":"https:\/\/costadelsolliving.com\/es\/wp-json\/wp\/v2\/pages"}],"about":[{"href":"https:\/\/costadelsolliving.com\/es\/wp-json\/wp\/v2\/types\/page"}],"author":[{"embeddable":true,"href":"https:\/\/costadelsolliving.com\/es\/wp-json\/wp\/v2\/users\/3"}],"replies":[{"embeddable":true,"href":"https:\/\/costadelsolliving.com\/es\/wp-json\/wp\/v2\/comments?post=3"}],"version-history":[{"count":0,"href":"https:\/\/costadelsolliving.com\/es\/wp-json\/wp\/v2\/pages\/3\/revisions"}],"wp:attachment":[{"href":"https:\/\/costadelsolliving.com\/es\/wp-json\/wp\/v2\/media?parent=3"}],"curies":[{"name":"wp","href":"https:\/\/api.w.org\/{rel}","templated":true}]}}